{"id":34187,"date":"2024-04-22T09:36:46","date_gmt":"2024-04-22T13:36:46","guid":{"rendered":"https:\/\/activehistory.ca\/exhibits\/?page_id=34187"},"modified":"2024-04-29T22:07:40","modified_gmt":"2024-04-30T02:07:40","slug":"acceuil","status":"publish","type":"page","link":"https:\/\/activehistory.ca\/exhibits\/fr\/acceuil\/","title":{"rendered":"Acceuil"},"content":{"rendered":"\t\t<div data-elementor-type=\"wp-page\" data-elementor-id=\"34187\" class=\"elementor elementor-34187\">\n\t\t\t\t\t\t<section class=\"elementor-section elementor-top-section elementor-element elementor-element-75d0fbc elementor-section-full_width elementor-section-height-min-height elementor-section-stretched elementor-section-height-default elementor-section-items-middle\" data-id=\"75d0fbc\" data-element_type=\"section\" data-e-type=\"section\" data-settings=\"{&quot;background_background&quot;:&quot;slideshow&quot;,&quot;background_slideshow_gallery&quot;:[{&quot;id&quot;:22,&quot;url&quot;:&quot;https:\\\/\\\/activehistory.ca\\\/exhibits\\\/wp-content\\\/uploads\\\/sites\\\/2\\\/2023\\\/08\\\/untitled.png&quot;},{&quot;id&quot;:33960,&quot;url&quot;:&quot;https:\\\/\\\/activehistory.ca\\\/exhibits\\\/wp-content\\\/uploads\\\/sites\\\/2\\\/2024\\\/03\\\/DSCN2006.jpg&quot;}],&quot;stretch_section&quot;:&quot;section-stretched&quot;,&quot;background_slideshow_transition_duration&quot;:1500,&quot;background_slideshow_loop&quot;:&quot;yes&quot;,&quot;background_slideshow_slide_duration&quot;:5000,&quot;background_slideshow_slide_transition&quot;:&quot;fade&quot;}\">\n\t\t\t\t\t\t\t<div class=\"elementor-background-overlay\"><\/div>\n\t\t\t\t\t\t\t<div class=\"elementor-container elementor-column-gap-default\">\n\t\t\t\t\t<div class=\"elementor-column elementor-col-100 elementor-top-column elementor-element elementor-element-d94ec21\" data-id=\"d94ec21\" data-element_type=\"column\" data-e-type=\"column\">\n\t\t\t<div class=\"elementor-widget-wrap elementor-element-populated\">\n\t\t\t\t\t\t<div class=\"elementor-element elementor-element-37ef174 elementor-widget elementor-widget-heading\" data-id=\"37ef174\" data-element_type=\"widget\" data-e-type=\"widget\" data-widget_type=\"heading.default\">\n\t\t\t\t<div class=\"elementor-widget-container\">\n\t\t\t\t\t<h1 class=\"elementor-heading-title elementor-size-default\">Bienvenue aux Expositions d'Active History<\/h1>\t\t\t\t<\/div>\n\t\t\t\t<\/div>\n\t\t\t\t\t<\/div>\n\t\t<\/div>\n\t\t\t\t\t<\/div>\n\t\t<\/section>\n\t\t\t\t<section class=\"elementor-section elementor-top-section elementor-element elementor-element-86b1fab elementor-section-boxed elementor-section-height-default elementor-section-height-default\" data-id=\"86b1fab\" data-element_type=\"section\" data-e-type=\"section\">\n\t\t\t\t\t\t<div class=\"elementor-container elementor-column-gap-default\">\n\t\t\t\t\t<div class=\"elementor-column elementor-col-100 elementor-top-column elementor-element elementor-element-05f3efb\" data-id=\"05f3efb\" data-element_type=\"column\" data-e-type=\"column\">\n\t\t\t<div class=\"elementor-widget-wrap elementor-element-populated\">\n\t\t\t\t\t\t<div class=\"elementor-element elementor-element-2c1ee71 elementor-widget elementor-widget-heading\" data-id=\"2c1ee71\" data-element_type=\"widget\" data-e-type=\"widget\" data-widget_type=\"heading.default\">\n\t\t\t\t<div class=\"elementor-widget-container\">\n\t\t\t\t\t<h2 class=\"elementor-heading-title elementor-size-default\">Histoire pour le 21\u00e8me si\u00e8cle.<\/h2>\t\t\t\t<\/div>\n\t\t\t\t<\/div>\n\t\t\t\t\t<\/div>\n\t\t<\/div>\n\t\t\t\t\t<\/div>\n\t\t<\/section>\n\t\t\t\t<section class=\"elementor-section elementor-top-section elementor-element elementor-element-759c5e0 elementor-section-boxed elementor-section-height-default elementor-section-height-default\" data-id=\"759c5e0\" data-element_type=\"section\" data-e-type=\"section\">\n\t\t\t\t\t\t<div class=\"elementor-container elementor-column-gap-default\">\n\t\t\t\t\t<div class=\"elementor-column elementor-col-100 elementor-top-column elementor-element elementor-element-24c66c3\" data-id=\"24c66c3\" data-element_type=\"column\" data-e-type=\"column\">\n\t\t\t<div class=\"elementor-widget-wrap elementor-element-populated\">\n\t\t\t\t\t\t<div class=\"elementor-element elementor-element-8da8b7b elementor-widget elementor-widget-text-editor\" data-id=\"8da8b7b\" data-element_type=\"widget\" data-e-type=\"widget\" data-widget_type=\"text-editor.default\">\n\t\t\t\t<div class=\"elementor-widget-container\">\n\t\t\t\t\t\t\t\t\t<p><span style=\"color: #808080;\">Expositions d\u2019Active History est un projet d\u2019histoire num\u00e9rique qui explore le pass\u00e9 des communaut\u00e9s de migrants et d\u2019immigrants dont les histoires sont souvent laiss\u00e9es de c\u00f4t\u00e9 \u2013 ou aplaties par \u2013 les r\u00e9cits conventionnels.<\/span><\/p>\t\t\t\t\t\t\t\t<\/div>\n\t\t\t\t<\/div>\n\t\t\t\t\t<\/div>\n\t\t<\/div>\n\t\t\t\t\t<\/div>\n\t\t<\/section>\n\t\t\t\t<section class=\"elementor-section elementor-top-section elementor-element elementor-element-8393c4d elementor-section-boxed elementor-section-height-default elementor-section-height-default\" data-id=\"8393c4d\" data-element_type=\"section\" data-e-type=\"section\">\n\t\t\t\t\t\t<div class=\"elementor-container elementor-column-gap-default\">\n\t\t\t\t\t<div class=\"elementor-column elementor-col-100 elementor-top-column elementor-element elementor-element-0ebf0fa\" data-id=\"0ebf0fa\" data-element_type=\"column\" data-e-type=\"column\">\n\t\t\t<div class=\"elementor-widget-wrap elementor-element-populated\">\n\t\t\t\t\t\t<div class=\"elementor-element elementor-element-b8d8bf2 elementor-widget elementor-widget-heading\" data-id=\"b8d8bf2\" data-element_type=\"widget\" data-e-type=\"widget\" data-widget_type=\"heading.default\">\n\t\t\t\t<div class=\"elementor-widget-container\">\n\t\t\t\t\t<h2 class=\"elementor-heading-title elementor-size-default\">Exhibits<\/h2>\t\t\t\t<\/div>\n\t\t\t\t<\/div>\n\t\t\t\t\t<\/div>\n\t\t<\/div>\n\t\t\t\t\t<\/div>\n\t\t<\/section>\n\t\t\t\t<section class=\"elementor-section elementor-top-section elementor-element elementor-element-a9aba53 elementor-section-boxed elementor-section-height-default elementor-section-height-default\" data-id=\"a9aba53\" data-element_type=\"section\" data-e-type=\"section\">\n\t\t\t\t\t\t<div class=\"elementor-container elementor-column-gap-default\">\n\t\t\t\t\t<div class=\"elementor-column elementor-col-50 elementor-top-column elementor-element elementor-element-4f9490e\" data-id=\"4f9490e\" data-element_type=\"column\" data-e-type=\"column\">\n\t\t\t<div class=\"elementor-widget-wrap elementor-element-populated\">\n\t\t\t\t\t\t<div class=\"elementor-element elementor-element-f74b342 elementor-widget elementor-widget-image\" data-id=\"f74b342\" data-element_type=\"widget\" data-e-type=\"widget\" data-widget_type=\"image.default\">\n\t\t\t\t<div class=\"elementor-widget-container\">\n\t\t\t\t\t\t\t\t\t\t\t\t\t\t\t\t<a href=\"https:\/\/plusquunvisage.wordpress.com\/\" target=\"_blank\">\n\t\t\t\t\t\t\t<img fetchpriority=\"high\" decoding=\"async\" width=\"1024\" height=\"512\" src=\"https:\/\/activehistory.ca\/exhibits\/wp-content\/uploads\/sites\/2\/2024\/04\/Plus-quun-visage-1024x512.jpg\" class=\"attachment-large size-large wp-image-34191\" alt=\"\" srcset=\"https:\/\/activehistory.ca\/exhibits\/wp-content\/uploads\/sites\/2\/2024\/04\/Plus-quun-visage-1024x512.jpg 1024w, https:\/\/activehistory.ca\/exhibits\/wp-content\/uploads\/sites\/2\/2024\/04\/Plus-quun-visage-300x150.jpg 300w, https:\/\/activehistory.ca\/exhibits\/wp-content\/uploads\/sites\/2\/2024\/04\/Plus-quun-visage-768x384.jpg 768w, https:\/\/activehistory.ca\/exhibits\/wp-content\/uploads\/sites\/2\/2024\/04\/Plus-quun-visage-1536x768.jpg 1536w, https:\/\/activehistory.ca\/exhibits\/wp-content\/uploads\/sites\/2\/2024\/04\/Plus-quun-visage.jpg 2000w\" sizes=\"(max-width: 1024px) 100vw, 1024px\" \/>\t\t\t\t\t\t\t\t<\/a>\n\t\t\t\t\t\t\t\t\t\t\t\t\t\t\t<\/div>\n\t\t\t\t<\/div>\n\t\t\t\t\t<\/div>\n\t\t<\/div>\n\t\t\t\t<div class=\"elementor-column elementor-col-50 elementor-top-column elementor-element elementor-element-8a933f8\" data-id=\"8a933f8\" data-element_type=\"column\" data-e-type=\"column\">\n\t\t\t<div class=\"elementor-widget-wrap elementor-element-populated\">\n\t\t\t\t\t\t<div class=\"elementor-element elementor-element-9e89e84 elementor-widget elementor-widget-image\" data-id=\"9e89e84\" data-element_type=\"widget\" data-e-type=\"widget\" data-widget_type=\"image.default\">\n\t\t\t\t<div class=\"elementor-widget-container\">\n\t\t\t\t\t\t\t\t\t\t\t\t\t\t\t\t<a href=\"https:\/\/activehistory.ca\/exhibits\/fr\/le-cout-humain-de-lalimentation\/\" target=\"_blank\">\n\t\t\t\t\t\t\t<img decoding=\"async\" width=\"1024\" height=\"512\" src=\"https:\/\/activehistory.ca\/exhibits\/wp-content\/uploads\/sites\/2\/2024\/04\/Le-cout-humain-de-lalimentation-1024x512.jpg\" class=\"attachment-large size-large wp-image-34206\" alt=\"\" srcset=\"https:\/\/activehistory.ca\/exhibits\/wp-content\/uploads\/sites\/2\/2024\/04\/Le-cout-humain-de-lalimentation-1024x512.jpg 1024w, https:\/\/activehistory.ca\/exhibits\/wp-content\/uploads\/sites\/2\/2024\/04\/Le-cout-humain-de-lalimentation-300x150.jpg 300w, https:\/\/activehistory.ca\/exhibits\/wp-content\/uploads\/sites\/2\/2024\/04\/Le-cout-humain-de-lalimentation-768x384.jpg 768w, https:\/\/activehistory.ca\/exhibits\/wp-content\/uploads\/sites\/2\/2024\/04\/Le-cout-humain-de-lalimentation-1536x768.jpg 1536w, https:\/\/activehistory.ca\/exhibits\/wp-content\/uploads\/sites\/2\/2024\/04\/Le-cout-humain-de-lalimentation.jpg 2000w\" sizes=\"(max-width: 1024px) 100vw, 1024px\" \/>\t\t\t\t\t\t\t\t<\/a>\n\t\t\t\t\t\t\t\t\t\t\t\t\t\t\t<\/div>\n\t\t\t\t<\/div>\n\t\t\t\t\t<\/div>\n\t\t<\/div>\n\t\t\t\t\t<\/div>\n\t\t<\/section>\n\t\t\t\t<section class=\"elementor-section elementor-top-section elementor-element elementor-element-f3bc71f elementor-section-boxed elementor-section-height-default elementor-section-height-default\" data-id=\"f3bc71f\" data-element_type=\"section\" data-e-type=\"section\">\n\t\t\t\t\t\t<div class=\"elementor-container elementor-column-gap-default\">\n\t\t\t\t\t<div class=\"elementor-column elementor-col-100 elementor-top-column elementor-element elementor-element-07b9b95\" data-id=\"07b9b95\" data-element_type=\"column\" data-e-type=\"column\">\n\t\t\t<div class=\"elementor-widget-wrap elementor-element-populated\">\n\t\t\t\t\t\t<div class=\"elementor-element elementor-element-0a04f6b elementor-widget-divider--separator-type-pattern elementor-widget-divider--view-line elementor-widget elementor-widget-divider\" data-id=\"0a04f6b\" data-element_type=\"widget\" data-e-type=\"widget\" data-widget_type=\"divider.default\">\n\t\t\t\t<div class=\"elementor-widget-container\">\n\t\t\t\t\t\t\t<div class=\"elementor-divider\" style=\"--divider-pattern-url: url(&quot;data:image\/svg+xml,%3Csvg xmlns=&#039;http:\/\/www.w3.org\/2000\/svg&#039; preserveAspectRatio=&#039;none&#039; overflow=&#039;visible&#039; height=&#039;100%&#039; viewBox=&#039;0 0 24 24&#039; fill=&#039;black&#039; stroke=&#039;none&#039;%3E%3Cpath d=&#039;M12.7,2.3c-0.4-0.4-1.1-0.4-1.5,0l-8,9.1c-0.3,0.4-0.3,0.9,0,1.2l8,9.1c0.4,0.4,1.1,0.4,1.5,0l8-9.1c0.3-0.4,0.3-0.9,0-1.2L12.7,2.3z&#039;\/%3E%3C\/svg%3E&quot;);\">\n\t\t\t<span class=\"elementor-divider-separator\">\n\t\t\t\t\t\t<\/span>\n\t\t<\/div>\n\t\t\t\t\t\t<\/div>\n\t\t\t\t<\/div>\n\t\t\t\t<div class=\"elementor-element elementor-element-eba5357 elementor-widget elementor-widget-text-editor\" data-id=\"eba5357\" data-element_type=\"widget\" data-e-type=\"widget\" data-widget_type=\"text-editor.default\">\n\t\t\t\t<div class=\"elementor-widget-container\">\n\t\t\t\t\t\t\t\t\t<p><i>Expositions d\u2019Active History est un projet d&#8217;Activehistory.ca, en partenariat avec l&#8217;Universit\u00e9 McGill, l&#8217;Universit\u00e9 Carleton, le programme d&#8217;\u00e9tudes asiatiques canadiennes et sur les migrations asiatiques de l&#8217;Universit\u00e9 de la Colombie-Britannique et HistoireEngag\u00e9e.ca. Le projet est financ\u00e9 en partie par le gouvernement du Canada. Il a \u00e9galement re\u00e7u le soutien financier de la Soci\u00e9t\u00e9 historique du Canada et du Comit\u00e9 canadien sur l&#8217;histoire du travail.<\/i><\/p>\n<p><i>Pour toute question ou commentaire, veuillez contacter les conservateurs des expositions&nbsp;<a href=\"https:\/\/www.mcgill.ca\/history\/node\/1439\">Edward Dunsworth<\/a> ou <a href=\"https:\/\/carleton.ca\/history\/people\/laura-madokoro\/\">Laura Madokoro<\/a>.<br><\/i><\/p>\t\t\t\t\t\t\t\t<\/div>\n\t\t\t\t<\/div>\n\t\t\t\t<div class=\"elementor-element elementor-element-caa064f elementor-widget elementor-widget-image\" data-id=\"caa064f\" data-element_type=\"widget\" data-e-type=\"widget\" data-widget_type=\"image.default\">\n\t\t\t\t<div class=\"elementor-widget-container\">\n\t\t\t\t\t\t\t\t\t\t\t\t\t\t\t<img decoding=\"async\" width=\"1024\" height=\"119\" src=\"https:\/\/activehistory.ca\/exhibits\/wp-content\/uploads\/sites\/2\/2024\/03\/3li_EnFr_Wordmark_C-1024x119.png\" class=\"attachment-large size-large wp-image-34081\" alt=\"\" srcset=\"https:\/\/activehistory.ca\/exhibits\/wp-content\/uploads\/sites\/2\/2024\/03\/3li_EnFr_Wordmark_C-1024x119.png 1024w, https:\/\/activehistory.ca\/exhibits\/wp-content\/uploads\/sites\/2\/2024\/03\/3li_EnFr_Wordmark_C-300x35.png 300w, https:\/\/activehistory.ca\/exhibits\/wp-content\/uploads\/sites\/2\/2024\/03\/3li_EnFr_Wordmark_C-768x89.png 768w, https:\/\/activehistory.ca\/exhibits\/wp-content\/uploads\/sites\/2\/2024\/03\/3li_EnFr_Wordmark_C.png 1290w\" sizes=\"(max-width: 1024px) 100vw, 1024px\" \/>\t\t\t\t\t\t\t\t\t\t\t\t\t\t\t<\/div>\n\t\t\t\t<\/div>\n\t\t\t\t\t<\/div>\n\t\t<\/div>\n\t\t\t\t\t<\/div>\n\t\t<\/section>\n\t\t\t\t<\/div>\n\t\t","protected":false},"excerpt":{"rendered":"<p>Bienvenue aux Expositions d&#8217;Active History Histoire pour le 21\u00e8me si\u00e8cle. Expositions d\u2019Active History est un projet d\u2019histoire num\u00e9rique qui explore le pass\u00e9 des communaut\u00e9s de migrants et d\u2019immigrants dont les histoires sont souvent laiss\u00e9es de c\u00f4t\u00e9 \u2013 ou aplaties par \u2013 les r\u00e9cits conventionnels. Exhibits Expositions d\u2019Active History est un projet d&#8217;Activehistory.ca, en partenariat avec [&hellip;]<\/p>\n","protected":false},"author":54,"featured_media":0,"parent":0,"menu_order":0,"comment_status":"closed","ping_status":"open","template":"","meta":{"site-sidebar-layout":"no-sidebar","site-content-layout":"","ast-site-content-layout":"full-width-container","site-content-style":"default","site-sidebar-style":"default","ast-global-header-display":"","ast-banner-title-visibility":"","ast-main-header-display":"","ast-hfb-above-header-display":"","ast-hfb-below-header-display":"","ast-hfb-mobile-header-display":"","site-post-title":"disabled","ast-breadcrumbs-content":"","ast-featured-img":"disabled","footer-sml-layout":"","ast-disable-related-posts":"","theme-transparent-header-meta":"default","adv-header-id-meta":"","stick-header-meta":"","header-above-stick-meta":"","header-main-stick-meta":"","header-below-stick-meta":"","astra-migrate-meta-layouts":"set","ast-page-background-enabled":"default","ast-page-background-meta":{"desktop":{"background-color":"var(--ast-global-color-4)","background-image":"","background-repeat":"repeat","background-position":"center center","background-size":"auto","background-attachment":"scroll","background-type":"","background-media":"","overlay-type":"","overlay-color":"","overlay-opacity":"","overlay-gradient":""},"tablet":{"background-color":"","background-image":"","background-repeat":"repeat","background-position":"center center","background-size":"auto","background-attachment":"scroll","background-type":"","background-media":"","overlay-type":"","overlay-color":"","overlay-opacity":"","overlay-gradient":""},"mobile":{"background-color":"","background-image":"","background-repeat":"repeat","background-position":"center center","background-size":"auto","background-attachment":"scroll","background-type":"","background-media":"","overlay-type":"","overlay-color":"","overlay-opacity":"","overlay-gradient":""}},"ast-content-background-meta":{"desktop":{"background-color":"var(--ast-global-color-5)","background-image":"","background-repeat":"repeat","background-position":"center center","background-size":"auto","background-attachment":"scroll","background-type":"","background-media":"","overlay-type":"","overlay-color":"","overlay-opacity":"","overlay-gradient":""},"tablet":{"background-color":"var(--ast-global-color-5)","background-image":"","background-repeat":"repeat","background-position":"center center","background-size":"auto","background-attachment":"scroll","background-type":"","background-media":"","overlay-type":"","overlay-color":"","overlay-opacity":"","overlay-gradient":""},"mobile":{"background-color":"var(--ast-global-color-5)","background-image":"","background-repeat":"repeat","background-position":"center center","background-size":"auto","background-attachment":"scroll","background-type":"","background-media":"","overlay-type":"","overlay-color":"","overlay-opacity":"","overlay-gradient":""}},"footnotes":""},"class_list":["post-34187","page","type-page","status-publish","hentry"],"jetpack_sharing_enabled":true,"_links":{"self":[{"href":"https:\/\/activehistory.ca\/exhibits\/wp-json\/wp\/v2\/pages\/34187","targetHints":{"allow":["GET"]}}],"collection":[{"href":"https:\/\/activehistory.ca\/exhibits\/wp-json\/wp\/v2\/pages"}],"about":[{"href":"https:\/\/activehistory.ca\/exhibits\/wp-json\/wp\/v2\/types\/page"}],"author":[{"embeddable":true,"href":"https:\/\/activehistory.ca\/exhibits\/wp-json\/wp\/v2\/users\/54"}],"replies":[{"embeddable":true,"href":"https:\/\/activehistory.ca\/exhibits\/wp-json\/wp\/v2\/comments?post=34187"}],"version-history":[{"count":19,"href":"https:\/\/activehistory.ca\/exhibits\/wp-json\/wp\/v2\/pages\/34187\/revisions"}],"predecessor-version":[{"id":34371,"href":"https:\/\/activehistory.ca\/exhibits\/wp-json\/wp\/v2\/pages\/34187\/revisions\/34371"}],"wp:attachment":[{"href":"https:\/\/activehistory.ca\/exhibits\/wp-json\/wp\/v2\/media?parent=34187"}],"curies":[{"name":"wp","href":"https:\/\/api.w.org\/{rel}","templated":true}]}}