{"id":34204,"date":"2024-04-22T10:12:33","date_gmt":"2024-04-22T14:12:33","guid":{"rendered":"https:\/\/activehistory.ca\/exhibits\/?page_id=34204"},"modified":"2026-02-25T09:47:44","modified_gmt":"2026-02-25T14:47:44","slug":"le-cout-humain-de-lalimentation","status":"publish","type":"page","link":"https:\/\/activehistory.ca\/exhibits\/fr\/le-cout-humain-de-lalimentation\/","title":{"rendered":"Le co\u00fbt humain de l\u2019alimentation"},"content":{"rendered":"\t\t<div data-elementor-type=\"wp-page\" data-elementor-id=\"34204\" class=\"elementor elementor-34204\">\n\t\t\t\t\t\t<section class=\"elementor-section elementor-top-section elementor-element elementor-element-81fb7bd elementor-section-boxed elementor-section-height-default elementor-section-height-default\" data-id=\"81fb7bd\" data-element_type=\"section\" data-e-type=\"section\">\n\t\t\t\t\t\t<div class=\"elementor-container elementor-column-gap-default\">\n\t\t\t\t\t<div class=\"elementor-column elementor-col-100 elementor-top-column elementor-element elementor-element-64ed5f4\" data-id=\"64ed5f4\" data-element_type=\"column\" data-e-type=\"column\">\n\t\t\t<div class=\"elementor-widget-wrap elementor-element-populated\">\n\t\t\t\t\t\t<div class=\"elementor-element elementor-element-096190f elementor-widget elementor-widget-heading\" data-id=\"096190f\" data-element_type=\"widget\" data-e-type=\"widget\" data-widget_type=\"heading.default\">\n\t\t\t\t<div class=\"elementor-widget-container\">\n\t\t\t\t\t<h1 class=\"elementor-heading-title elementor-size-default\">Le co\u00fbt humain de l\u2019alimentation<\/h1>\t\t\t\t<\/div>\n\t\t\t\t<\/div>\n\t\t\t\t\t<\/div>\n\t\t<\/div>\n\t\t\t\t\t<\/div>\n\t\t<\/section>\n\t\t\t\t<section class=\"elementor-section elementor-top-section elementor-element elementor-element-32167cd elementor-section-boxed elementor-section-height-default elementor-section-height-default\" data-id=\"32167cd\" data-element_type=\"section\" data-e-type=\"section\">\n\t\t\t\t\t\t<div class=\"elementor-container elementor-column-gap-default\">\n\t\t\t\t\t<div class=\"elementor-column elementor-col-100 elementor-top-column elementor-element elementor-element-186cc69\" data-id=\"186cc69\" data-element_type=\"column\" data-e-type=\"column\">\n\t\t\t<div class=\"elementor-widget-wrap elementor-element-populated\">\n\t\t\t\t\t\t<div class=\"elementor-element elementor-element-e9e2a07 elementor-widget__width-initial elementor-widget elementor-widget-heading\" data-id=\"e9e2a07\" data-element_type=\"widget\" data-e-type=\"widget\" data-widget_type=\"heading.default\">\n\t\t\t\t<div class=\"elementor-widget-container\">\n\t\t\t\t\t<h2 class=\"elementor-heading-title elementor-size-default\">D\u00e9c\u00e8s, blessures et maladies chez les travailleurs agricoles migrants au Canada<\/h2>\t\t\t\t<\/div>\n\t\t\t\t<\/div>\n\t\t\t\t\t<\/div>\n\t\t<\/div>\n\t\t\t\t\t<\/div>\n\t\t<\/section>\n\t\t\t\t<section class=\"elementor-section elementor-top-section elementor-element elementor-element-a5ae18e elementor-section-boxed elementor-section-height-default elementor-section-height-default\" data-id=\"a5ae18e\" data-element_type=\"section\" data-e-type=\"section\">\n\t\t\t\t\t\t<div class=\"elementor-container elementor-column-gap-default\">\n\t\t\t\t\t<div class=\"elementor-column elementor-col-100 elementor-top-column elementor-element elementor-element-1db711b\" data-id=\"1db711b\" data-element_type=\"column\" data-e-type=\"column\">\n\t\t\t<div class=\"elementor-widget-wrap elementor-element-populated\">\n\t\t\t\t\t\t<div class=\"elementor-element elementor-element-0a2f949 elementor-widget elementor-widget-spacer\" data-id=\"0a2f949\" data-element_type=\"widget\" data-e-type=\"widget\" data-widget_type=\"spacer.default\">\n\t\t\t\t<div class=\"elementor-widget-container\">\n\t\t\t\t\t\t\t<div class=\"elementor-spacer\">\n\t\t\t<div class=\"elementor-spacer-inner\"><\/div>\n\t\t<\/div>\n\t\t\t\t\t\t<\/div>\n\t\t\t\t<\/div>\n\t\t\t\t\t<\/div>\n\t\t<\/div>\n\t\t\t\t\t<\/div>\n\t\t<\/section>\n\t\t\t\t<section class=\"elementor-section elementor-top-section elementor-element elementor-element-580dbec elementor-section-boxed elementor-section-height-default elementor-section-height-default\" data-id=\"580dbec\" data-element_type=\"section\" data-e-type=\"section\">\n\t\t\t\t\t\t<div class=\"elementor-container elementor-column-gap-default\">\n\t\t\t\t\t<div class=\"elementor-column elementor-col-100 elementor-top-column elementor-element elementor-element-7e52b67\" data-id=\"7e52b67\" data-element_type=\"column\" data-e-type=\"column\">\n\t\t\t<div class=\"elementor-widget-wrap elementor-element-populated\">\n\t\t\t\t\t\t<div class=\"elementor-element elementor-element-6b3a497 elementor-widget elementor-widget-image\" data-id=\"6b3a497\" data-element_type=\"widget\" data-e-type=\"widget\" data-widget_type=\"image.default\">\n\t\t\t\t<div class=\"elementor-widget-container\">\n\t\t\t\t\t\t\t\t\t\t\t\t\t\t\t\t<a href=\"https:\/\/arcgis.mcgill.ca\/portal\/apps\/storymaps\/stories\/52df1749e5a6402b9aa9861817c6def0\" target=\"_blank\">\n\t\t\t\t\t\t\t<img decoding=\"async\" src=\"https:\/\/activehistory.ca\/exhibits\/wp-content\/uploads\/sites\/2\/elementor\/thumbs\/Exposition-qn39fwvkh26fzktnb6r0jcb2g4iquc5z40ne3ejc5q.jpg\" title=\"Exposition\" alt=\"Exposition\" loading=\"lazy\" \/>\t\t\t\t\t\t\t\t<\/a>\n\t\t\t\t\t\t\t\t\t\t\t\t\t\t\t<\/div>\n\t\t\t\t<\/div>\n\t\t\t\t<div class=\"elementor-element elementor-element-e0ee627 elementor-widget-divider--separator-type-pattern elementor-widget-divider--view-line elementor-widget elementor-widget-divider\" data-id=\"e0ee627\" data-element_type=\"widget\" data-e-type=\"widget\" data-widget_type=\"divider.default\">\n\t\t\t\t<div class=\"elementor-widget-container\">\n\t\t\t\t\t\t\t<div class=\"elementor-divider\" style=\"--divider-pattern-url: url(&quot;data:image\/svg+xml,%3Csvg xmlns=&#039;http:\/\/www.w3.org\/2000\/svg&#039; preserveAspectRatio=&#039;none&#039; overflow=&#039;visible&#039; height=&#039;100%&#039; viewBox=&#039;0 0 24 24&#039; fill=&#039;black&#039; stroke=&#039;none&#039;%3E%3Cpath d=&#039;M12.7,2.3c-0.4-0.4-1.1-0.4-1.5,0l-8,9.1c-0.3,0.4-0.3,0.9,0,1.2l8,9.1c0.4,0.4,1.1,0.4,1.5,0l8-9.1c0.3-0.4,0.3-0.9,0-1.2L12.7,2.3z&#039;\/%3E%3C\/svg%3E&quot;);\">\n\t\t\t<span class=\"elementor-divider-separator\">\n\t\t\t\t\t\t<\/span>\n\t\t<\/div>\n\t\t\t\t\t\t<\/div>\n\t\t\t\t<\/div>\n\t\t\t\t\t<\/div>\n\t\t<\/div>\n\t\t\t\t\t<\/div>\n\t\t<\/section>\n\t\t\t\t<section class=\"elementor-section elementor-top-section elementor-element elementor-element-2e4ab98 elementor-section-boxed elementor-section-height-default elementor-section-height-default\" data-id=\"2e4ab98\" data-element_type=\"section\" data-e-type=\"section\">\n\t\t\t\t\t\t<div class=\"elementor-container elementor-column-gap-default\">\n\t\t\t\t\t<div class=\"elementor-column elementor-col-50 elementor-top-column elementor-element elementor-element-875eb82\" data-id=\"875eb82\" data-element_type=\"column\" data-e-type=\"column\">\n\t\t\t<div class=\"elementor-widget-wrap elementor-element-populated\">\n\t\t\t\t\t\t<div class=\"elementor-element elementor-element-b0bf883 elementor-widget elementor-widget-image\" data-id=\"b0bf883\" data-element_type=\"widget\" data-e-type=\"widget\" data-widget_type=\"image.default\">\n\t\t\t\t<div class=\"elementor-widget-container\">\n\t\t\t\t\t\t\t\t\t\t\t\t\t\t\t\t<a href=\"https:\/\/activehistory.ca\/exhibits\/fr\/le-cout-humain-de-lalimentation\/equipe-2\/\">\n\t\t\t\t\t\t\t<img fetchpriority=\"high\" decoding=\"async\" width=\"1024\" height=\"732\" src=\"https:\/\/activehistory.ca\/exhibits\/wp-content\/uploads\/sites\/2\/2024\/04\/EQUIPE-1024x732.jpg\" class=\"attachment-large size-large wp-image-34216\" alt=\"\" srcset=\"https:\/\/activehistory.ca\/exhibits\/wp-content\/uploads\/sites\/2\/2024\/04\/EQUIPE-1024x732.jpg 1024w, https:\/\/activehistory.ca\/exhibits\/wp-content\/uploads\/sites\/2\/2024\/04\/EQUIPE-300x214.jpg 300w, https:\/\/activehistory.ca\/exhibits\/wp-content\/uploads\/sites\/2\/2024\/04\/EQUIPE-768x549.jpg 768w, https:\/\/activehistory.ca\/exhibits\/wp-content\/uploads\/sites\/2\/2024\/04\/EQUIPE-1536x1097.jpg 1536w, https:\/\/activehistory.ca\/exhibits\/wp-content\/uploads\/sites\/2\/2024\/04\/EQUIPE.jpg 2000w\" sizes=\"(max-width: 1024px) 100vw, 1024px\" \/>\t\t\t\t\t\t\t\t<\/a>\n\t\t\t\t\t\t\t\t\t\t\t\t\t\t\t<\/div>\n\t\t\t\t<\/div>\n\t\t\t\t\t<\/div>\n\t\t<\/div>\n\t\t\t\t<div class=\"elementor-column elementor-col-50 elementor-top-column elementor-element elementor-element-1295184\" data-id=\"1295184\" data-element_type=\"column\" data-e-type=\"column\">\n\t\t\t<div class=\"elementor-widget-wrap elementor-element-populated\">\n\t\t\t\t\t\t<div class=\"elementor-element elementor-element-c69d96c elementor-widget elementor-widget-image\" data-id=\"c69d96c\" data-element_type=\"widget\" data-e-type=\"widget\" data-widget_type=\"image.default\">\n\t\t\t\t<div class=\"elementor-widget-container\">\n\t\t\t\t\t\t\t\t\t\t\t\t\t\t\t\t<a href=\"https:\/\/activehistory.ca\/exhibits\/fr\/le-cout-humain-de-lalimentation\/ressources-2\/\">\n\t\t\t\t\t\t\t<img decoding=\"async\" width=\"1024\" height=\"732\" src=\"https:\/\/activehistory.ca\/exhibits\/wp-content\/uploads\/sites\/2\/2024\/04\/Ressources-1024x732.jpg\" class=\"attachment-large size-large wp-image-34217\" alt=\"\" srcset=\"https:\/\/activehistory.ca\/exhibits\/wp-content\/uploads\/sites\/2\/2024\/04\/Ressources-1024x732.jpg 1024w, https:\/\/activehistory.ca\/exhibits\/wp-content\/uploads\/sites\/2\/2024\/04\/Ressources-300x214.jpg 300w, https:\/\/activehistory.ca\/exhibits\/wp-content\/uploads\/sites\/2\/2024\/04\/Ressources-768x549.jpg 768w, https:\/\/activehistory.ca\/exhibits\/wp-content\/uploads\/sites\/2\/2024\/04\/Ressources-1536x1097.jpg 1536w, https:\/\/activehistory.ca\/exhibits\/wp-content\/uploads\/sites\/2\/2024\/04\/Ressources.jpg 2000w\" sizes=\"(max-width: 1024px) 100vw, 1024px\" \/>\t\t\t\t\t\t\t\t<\/a>\n\t\t\t\t\t\t\t\t\t\t\t\t\t\t\t<\/div>\n\t\t\t\t<\/div>\n\t\t\t\t\t<\/div>\n\t\t<\/div>\n\t\t\t\t\t<\/div>\n\t\t<\/section>\n\t\t\t\t<section class=\"elementor-section elementor-top-section elementor-element elementor-element-a75f5c0 elementor-section-boxed elementor-section-height-default elementor-section-height-default\" data-id=\"a75f5c0\" data-element_type=\"section\" data-e-type=\"section\">\n\t\t\t\t\t\t<div class=\"elementor-container elementor-column-gap-default\">\n\t\t\t\t\t<div class=\"elementor-column elementor-col-100 elementor-top-column elementor-element elementor-element-66191ee\" data-id=\"66191ee\" data-element_type=\"column\" data-e-type=\"column\">\n\t\t\t<div class=\"elementor-widget-wrap elementor-element-populated\">\n\t\t\t\t\t\t<div class=\"elementor-element elementor-element-8cab7fd elementor-widget-divider--separator-type-pattern elementor-widget-divider--view-line elementor-widget elementor-widget-divider\" data-id=\"8cab7fd\" data-element_type=\"widget\" data-e-type=\"widget\" data-widget_type=\"divider.default\">\n\t\t\t\t<div class=\"elementor-widget-container\">\n\t\t\t\t\t\t\t<div class=\"elementor-divider\" style=\"--divider-pattern-url: url(&quot;data:image\/svg+xml,%3Csvg xmlns=&#039;http:\/\/www.w3.org\/2000\/svg&#039; preserveAspectRatio=&#039;none&#039; overflow=&#039;visible&#039; height=&#039;100%&#039; viewBox=&#039;0 0 24 24&#039; fill=&#039;black&#039; stroke=&#039;none&#039;%3E%3Cpath d=&#039;M12.7,2.3c-0.4-0.4-1.1-0.4-1.5,0l-8,9.1c-0.3,0.4-0.3,0.9,0,1.2l8,9.1c0.4,0.4,1.1,0.4,1.5,0l8-9.1c0.3-0.4,0.3-0.9,0-1.2L12.7,2.3z&#039;\/%3E%3C\/svg%3E&quot;);\">\n\t\t\t<span class=\"elementor-divider-separator\">\n\t\t\t\t\t\t<\/span>\n\t\t<\/div>\n\t\t\t\t\t\t<\/div>\n\t\t\t\t<\/div>\n\t\t\t\t\t<\/div>\n\t\t<\/div>\n\t\t\t\t\t<\/div>\n\t\t<\/section>\n\t\t\t\t<section class=\"elementor-section elementor-top-section elementor-element elementor-element-a9078a4 elementor-section-boxed elementor-section-height-default elementor-section-height-default\" data-id=\"a9078a4\" data-element_type=\"section\" data-e-type=\"section\">\n\t\t\t\t\t\t<div class=\"elementor-container elementor-column-gap-default\">\n\t\t\t\t\t<div class=\"elementor-column elementor-col-100 elementor-top-column elementor-element elementor-element-4839ced\" data-id=\"4839ced\" data-element_type=\"column\" data-e-type=\"column\">\n\t\t\t<div class=\"elementor-widget-wrap elementor-element-populated\">\n\t\t\t\t\t\t<div class=\"elementor-element elementor-element-a6e1c8c elementor-widget elementor-widget-text-editor\" data-id=\"a6e1c8c\" data-element_type=\"widget\" data-e-type=\"widget\" data-widget_type=\"text-editor.default\">\n\t\t\t\t<div class=\"elementor-widget-container\">\n\t\t\t\t\t\t\t\t\t<h5><em><strong>Acknowledgements. The team behind l<\/strong><\/em><strong>e Co\u00fbt humain de l&#8217;alimentation<\/strong><em><strong> would like to thank the following people for their generous advice and assistance: Gabriel Allahdua, Evelyn Encalada Grez, Chris Ramsaroop, Anelyse Weiler, Ryan Targa, Kristen Howard, Meghan Ewing, Ruilan Shi, Jessica Oma\u00f1a, Cassie Muise, and Richie Keith.<\/strong><\/em><\/h5>\t\t\t\t\t\t\t\t<\/div>\n\t\t\t\t<\/div>\n\t\t\t\t\t<\/div>\n\t\t<\/div>\n\t\t\t\t\t<\/div>\n\t\t<\/section>\n\t\t\t\t<\/div>\n\t\t","protected":false},"excerpt":{"rendered":"<p>Le co\u00fbt humain de l\u2019alimentation D\u00e9c\u00e8s, blessures et maladies chez les travailleurs agricoles migrants au Canada Acknowledgements. The team behind le Co\u00fbt humain de l&#8217;alimentation would like to thank the following people for their generous advice and assistance: Gabriel Allahdua, Evelyn Encalada Grez, Chris Ramsaroop, Anelyse Weiler, Ryan Targa, Kristen Howard, Meghan Ewing, Ruilan Shi, [&hellip;]<\/p>\n","protected":false},"author":54,"featured_media":30870,"parent":0,"menu_order":0,"comment_status":"closed","ping_status":"closed","template":"","meta":{"site-sidebar-layout":"no-sidebar","site-content-layout":"","ast-site-content-layout":"full-width-container","site-content-style":"default","site-sidebar-style":"default","ast-global-header-display":"","ast-banner-title-visibility":"","ast-main-header-display":"","ast-hfb-above-header-display":"","ast-hfb-below-header-display":"","ast-hfb-mobile-header-display":"","site-post-title":"disabled","ast-breadcrumbs-content":"","ast-featured-img":"disabled","footer-sml-layout":"","ast-disable-related-posts":"","theme-transparent-header-meta":"default","adv-header-id-meta":"","stick-header-meta":"","header-above-stick-meta":"","header-main-stick-meta":"","header-below-stick-meta":"","astra-migrate-meta-layouts":"set","ast-page-background-enabled":"default","ast-page-background-meta":{"desktop":{"background-color":"var(--ast-global-color-4)","background-image":"","background-repeat":"repeat","background-position":"center center","background-size":"auto","background-attachment":"scroll","background-type":"","background-media":"","overlay-type":"","overlay-color":"","overlay-opacity":"","overlay-gradient":""},"tablet":{"background-color":"","background-image":"","background-repeat":"repeat","background-position":"center center","background-size":"auto","background-attachment":"scroll","background-type":"","background-media":"","overlay-type":"","overlay-color":"","overlay-opacity":"","overlay-gradient":""},"mobile":{"background-color":"","background-image":"","background-repeat":"repeat","background-position":"center center","background-size":"auto","background-attachment":"scroll","background-type":"","background-media":"","overlay-type":"","overlay-color":"","overlay-opacity":"","overlay-gradient":""}},"ast-content-background-meta":{"desktop":{"background-color":"var(--ast-global-color-5)","background-image":"","background-repeat":"repeat","background-position":"center center","background-size":"auto","background-attachment":"scroll","background-type":"","background-media":"","overlay-type":"","overlay-color":"","overlay-opacity":"","overlay-gradient":""},"tablet":{"background-color":"var(--ast-global-color-5)","background-image":"","background-repeat":"repeat","background-position":"center center","background-size":"auto","background-attachment":"scroll","background-type":"","background-media":"","overlay-type":"","overlay-color":"","overlay-opacity":"","overlay-gradient":""},"mobile":{"background-color":"var(--ast-global-color-5)","background-image":"","background-repeat":"repeat","background-position":"center center","background-size":"auto","background-attachment":"scroll","background-type":"","background-media":"","overlay-type":"","overlay-color":"","overlay-opacity":"","overlay-gradient":""}},"footnotes":""},"class_list":["post-34204","page","type-page","status-publish","has-post-thumbnail","hentry"],"jetpack_sharing_enabled":true,"_links":{"self":[{"href":"https:\/\/activehistory.ca\/exhibits\/wp-json\/wp\/v2\/pages\/34204","targetHints":{"allow":["GET"]}}],"collection":[{"href":"https:\/\/activehistory.ca\/exhibits\/wp-json\/wp\/v2\/pages"}],"about":[{"href":"https:\/\/activehistory.ca\/exhibits\/wp-json\/wp\/v2\/types\/page"}],"author":[{"embeddable":true,"href":"https:\/\/activehistory.ca\/exhibits\/wp-json\/wp\/v2\/users\/54"}],"replies":[{"embeddable":true,"href":"https:\/\/activehistory.ca\/exhibits\/wp-json\/wp\/v2\/comments?post=34204"}],"version-history":[{"count":19,"href":"https:\/\/activehistory.ca\/exhibits\/wp-json\/wp\/v2\/pages\/34204\/revisions"}],"predecessor-version":[{"id":34391,"href":"https:\/\/activehistory.ca\/exhibits\/wp-json\/wp\/v2\/pages\/34204\/revisions\/34391"}],"wp:featuredmedia":[{"embeddable":true,"href":"https:\/\/activehistory.ca\/exhibits\/wp-json\/"}],"wp:attachment":[{"href":"https:\/\/activehistory.ca\/exhibits\/wp-json\/wp\/v2\/media?parent=34204"}],"curies":[{"name":"wp","href":"https:\/\/api.w.org\/{rel}","templated":true}]}}