{"id":34223,"date":"2024-04-22T11:20:01","date_gmt":"2024-04-22T15:20:01","guid":{"rendered":"https:\/\/activehistory.ca\/exhibits\/?page_id=34223"},"modified":"2024-04-29T15:51:33","modified_gmt":"2024-04-29T19:51:33","slug":"equipe-2","status":"publish","type":"page","link":"https:\/\/activehistory.ca\/exhibits\/fr\/le-cout-humain-de-lalimentation\/equipe-2\/","title":{"rendered":"\u00c9quipe"},"content":{"rendered":"\t\t<div data-elementor-type=\"wp-page\" data-elementor-id=\"34223\" class=\"elementor elementor-34223\">\n\t\t\t\t\t\t<section class=\"elementor-section elementor-top-section elementor-element elementor-element-119ff30 elementor-section-boxed elementor-section-height-default elementor-section-height-default\" data-id=\"119ff30\" data-element_type=\"section\" data-e-type=\"section\">\n\t\t\t\t\t\t<div class=\"elementor-container elementor-column-gap-default\">\n\t\t\t\t\t<div class=\"elementor-column elementor-col-100 elementor-top-column elementor-element elementor-element-bcf9a90\" data-id=\"bcf9a90\" data-element_type=\"column\" data-e-type=\"column\">\n\t\t\t<div class=\"elementor-widget-wrap elementor-element-populated\">\n\t\t\t\t\t\t<div class=\"elementor-element elementor-element-a6c8b84 elementor-widget elementor-widget-heading\" data-id=\"a6c8b84\" data-element_type=\"widget\" data-e-type=\"widget\" data-widget_type=\"heading.default\">\n\t\t\t\t<div class=\"elementor-widget-container\">\n\t\t\t\t\t<h1 class=\"elementor-heading-title elementor-size-default\">\u00c9quipe<\/h1>\t\t\t\t<\/div>\n\t\t\t\t<\/div>\n\t\t\t\t\t<\/div>\n\t\t<\/div>\n\t\t\t\t\t<\/div>\n\t\t<\/section>\n\t\t\t\t<section class=\"elementor-section elementor-top-section elementor-element elementor-element-45ae39e elementor-section-boxed elementor-section-height-default elementor-section-height-default\" data-id=\"45ae39e\" data-element_type=\"section\" data-e-type=\"section\">\n\t\t\t\t\t\t<div class=\"elementor-container elementor-column-gap-default\">\n\t\t\t\t\t<div class=\"elementor-column elementor-col-100 elementor-top-column elementor-element elementor-element-1c4c029\" data-id=\"1c4c029\" data-element_type=\"column\" data-e-type=\"column\">\n\t\t\t<div class=\"elementor-widget-wrap elementor-element-populated\">\n\t\t\t\t\t\t<div class=\"elementor-element elementor-element-7d1f25b gallery-spacing-custom elementor-widget__width-initial elementor-widget elementor-widget-image-gallery\" data-id=\"7d1f25b\" data-element_type=\"widget\" data-e-type=\"widget\" data-widget_type=\"image-gallery.default\">\n\t\t\t\t<div class=\"elementor-widget-container\">\n\t\t\t\t\t\t\t<div class=\"elementor-image-gallery\">\n\t\t\t<div id='gallery-1' class='gallery galleryid-34223 gallery-columns-3 gallery-size-medium_large'><figure class='gallery-item'>\n\t\t\t<div class='gallery-icon landscape'>\n\t\t\t\t<img fetchpriority=\"high\" decoding=\"async\" width=\"768\" height=\"512\" src=\"https:\/\/activehistory.ca\/exhibits\/wp-content\/uploads\/sites\/2\/2024\/04\/IMG_5719-768x512.jpg\" class=\"attachment-medium_large size-medium_large\" alt=\"\" aria-describedby=\"gallery-1-34132\" srcset=\"https:\/\/activehistory.ca\/exhibits\/wp-content\/uploads\/sites\/2\/2024\/04\/IMG_5719-768x512.jpg 768w, https:\/\/activehistory.ca\/exhibits\/wp-content\/uploads\/sites\/2\/2024\/04\/IMG_5719-300x200.jpg 300w, https:\/\/activehistory.ca\/exhibits\/wp-content\/uploads\/sites\/2\/2024\/04\/IMG_5719-1024x683.jpg 1024w, https:\/\/activehistory.ca\/exhibits\/wp-content\/uploads\/sites\/2\/2024\/04\/IMG_5719-1536x1024.jpg 1536w, https:\/\/activehistory.ca\/exhibits\/wp-content\/uploads\/sites\/2\/2024\/04\/IMG_5719-2048x1365.jpg 2048w\" sizes=\"(max-width: 768px) 100vw, 768px\" \/>\n\t\t\t<\/div>\n\t\t\t\t<figcaption class='wp-caption-text gallery-caption' id='gallery-1-34132'>\n\t\t\t\tLouise Swaffer (chef de projet) est candidate au doctorat au D\u00e9partement d&rsquo;histoire et d&rsquo;\u00e9tudes classiques de l&rsquo;Universit\u00e9 McGill. Ses recherches sont motiv\u00e9es par son int\u00e9r\u00eat pour les migrations et les communaut\u00e9s, le colonialisme de peuplement et la formation de l&rsquo;\u00c9tat dans l&rsquo;Empire britannique, et sont sp\u00e9cialis\u00e9es dans la migration \u00e9cossaise. Originaire du Royaume-Uni et de la Scandinavie, Louise appr\u00e9cie la perspective qu&rsquo;elle acquiert au Canada sur ces questions. \n\t\t\t\t<\/figcaption><\/figure><figure class='gallery-item'>\n\t\t\t<div class='gallery-icon landscape'>\n\t\t\t\t<img decoding=\"async\" width=\"768\" height=\"509\" src=\"https:\/\/activehistory.ca\/exhibits\/wp-content\/uploads\/sites\/2\/2024\/04\/IMG_5723-768x509.jpg\" class=\"attachment-medium_large size-medium_large\" alt=\"\" aria-describedby=\"gallery-1-34141\" srcset=\"https:\/\/activehistory.ca\/exhibits\/wp-content\/uploads\/sites\/2\/2024\/04\/IMG_5723-768x509.jpg 768w, https:\/\/activehistory.ca\/exhibits\/wp-content\/uploads\/sites\/2\/2024\/04\/IMG_5723-300x199.jpg 300w, https:\/\/activehistory.ca\/exhibits\/wp-content\/uploads\/sites\/2\/2024\/04\/IMG_5723-1024x679.jpg 1024w, https:\/\/activehistory.ca\/exhibits\/wp-content\/uploads\/sites\/2\/2024\/04\/IMG_5723-1536x1019.jpg 1536w, https:\/\/activehistory.ca\/exhibits\/wp-content\/uploads\/sites\/2\/2024\/04\/IMG_5723-2048x1358.jpg 2048w\" sizes=\"(max-width: 768px) 100vw, 768px\" \/>\n\t\t\t<\/div>\n\t\t\t\t<figcaption class='wp-caption-text gallery-caption' id='gallery-1-34141'>\n\t\t\t\tCaroline Marion (leader cr\u00e9ative de l&rsquo;exposition) est titulaire d&rsquo;un baccalaur\u00e9at en histoire et sciences politiques de l&rsquo;Universit\u00e9 McGill. Elle poursuit actuellement une maitrise en histoire \u00e0 l\u2019Universit\u00e9 Concordia, o\u00f9 elle a aussi obtenu un dipl\u00f4me d&rsquo;\u00e9tudes sup\u00e9rieures en communications en 2023. Ayant immigr\u00e9 au Canada de la France lorsqu&rsquo;elle \u00e9tait adolescente, Caroline a d\u00e9velopp\u00e9 un int\u00e9r\u00eat pour l&rsquo;histoire de la migration canadienne. En plus de ses \u00e9tudes, elle appr\u00e9cie travailler comme guide animatrice dans un mus\u00e9e et elle a \u00e9t\u00e9 membre du comit\u00e9 organisateur de l\u2019\u00e9dition 2024 de la conf\u00e9rence d\u2019histoire de Concordia, History in the Making. \n\t\t\t\t<\/figcaption><\/figure><figure class='gallery-item'>\n\t\t\t<div class='gallery-icon landscape'>\n\t\t\t\t<img decoding=\"async\" width=\"768\" height=\"484\" src=\"https:\/\/activehistory.ca\/exhibits\/wp-content\/uploads\/sites\/2\/2024\/04\/IMG_5720-768x484.jpg\" class=\"attachment-medium_large size-medium_large\" alt=\"\" aria-describedby=\"gallery-1-34127\" srcset=\"https:\/\/activehistory.ca\/exhibits\/wp-content\/uploads\/sites\/2\/2024\/04\/IMG_5720-768x484.jpg 768w, https:\/\/activehistory.ca\/exhibits\/wp-content\/uploads\/sites\/2\/2024\/04\/IMG_5720-300x189.jpg 300w, https:\/\/activehistory.ca\/exhibits\/wp-content\/uploads\/sites\/2\/2024\/04\/IMG_5720-1024x646.jpg 1024w, https:\/\/activehistory.ca\/exhibits\/wp-content\/uploads\/sites\/2\/2024\/04\/IMG_5720-1536x969.jpg 1536w, https:\/\/activehistory.ca\/exhibits\/wp-content\/uploads\/sites\/2\/2024\/04\/IMG_5720-2048x1292.jpg 2048w\" sizes=\"(max-width: 768px) 100vw, 768px\" \/>\n\t\t\t<\/div>\n\t\t\t\t<figcaption class='wp-caption-text gallery-caption' id='gallery-1-34127'>\n\t\t\t\tCaitlyn Mulligan est une \u00e9tudiante de premier cycle qui \u00e9tudie les sciences politiques, l&rsquo;histoire et les \u00e9tudes sur l&rsquo;Asie de l&rsquo;Est et qui obtiendra son dipl\u00f4me au printemps 2024. Originaire de Chicago, elle a depuis longtemps une passion pour la d\u00e9couverte et la pr\u00e9servation de contre-m\u00e9moires afin de remettre en question les r\u00e9cits historiques sanctionn\u00e9s par l&rsquo;\u00c9tat. Au-del\u00e0 des universitaires, Caitlyn a travaill\u00e9 \u00e0 \u00e9largir l&rsquo;acc\u00e8s aux soins de sant\u00e9 mentale au corps \u00e9tudiant de McGill dans son r\u00f4le de pr\u00e9sidente sortante du Centre de soutien par les pairs.\n\t\t\t\t<\/figcaption><\/figure><figure class='gallery-item'>\n\t\t\t<div class='gallery-icon landscape'>\n\t\t\t\t<img loading=\"lazy\" decoding=\"async\" width=\"768\" height=\"512\" src=\"https:\/\/activehistory.ca\/exhibits\/wp-content\/uploads\/sites\/2\/2024\/04\/IMG_5718-768x512.jpg\" class=\"attachment-medium_large size-medium_large\" alt=\"\" aria-describedby=\"gallery-1-34126\" srcset=\"https:\/\/activehistory.ca\/exhibits\/wp-content\/uploads\/sites\/2\/2024\/04\/IMG_5718-768x512.jpg 768w, https:\/\/activehistory.ca\/exhibits\/wp-content\/uploads\/sites\/2\/2024\/04\/IMG_5718-300x200.jpg 300w, https:\/\/activehistory.ca\/exhibits\/wp-content\/uploads\/sites\/2\/2024\/04\/IMG_5718-1024x683.jpg 1024w, https:\/\/activehistory.ca\/exhibits\/wp-content\/uploads\/sites\/2\/2024\/04\/IMG_5718-1536x1024.jpg 1536w, https:\/\/activehistory.ca\/exhibits\/wp-content\/uploads\/sites\/2\/2024\/04\/IMG_5718-2048x1365.jpg 2048w\" sizes=\"(max-width: 768px) 100vw, 768px\" \/>\n\t\t\t<\/div>\n\t\t\t\t<figcaption class='wp-caption-text gallery-caption' id='gallery-1-34126'>\n\t\t\t\tNathan Spoelstra est un \u00e9tudiant de premier cycle de troisi\u00e8me ann\u00e9e \u00e0 l&rsquo;Universit\u00e9 McGill qui poursuit un dipl\u00f4me en \u00c9tudes urbaines. Originaire de Calgary, Nathan appr\u00e9cie que ce projet utilise l\u2019histoire pour illuminer les probl\u00e8mes contemporains du Canada.\n\t\t\t\t<\/figcaption><\/figure><figure class='gallery-item'>\n\t\t\t<div class='gallery-icon landscape'>\n\t\t\t\t<img loading=\"lazy\" decoding=\"async\" width=\"768\" height=\"564\" src=\"https:\/\/activehistory.ca\/exhibits\/wp-content\/uploads\/sites\/2\/2024\/04\/IMG_5732-768x564.jpg\" class=\"attachment-medium_large size-medium_large\" alt=\"\" aria-describedby=\"gallery-1-34145\" srcset=\"https:\/\/activehistory.ca\/exhibits\/wp-content\/uploads\/sites\/2\/2024\/04\/IMG_5732-768x564.jpg 768w, https:\/\/activehistory.ca\/exhibits\/wp-content\/uploads\/sites\/2\/2024\/04\/IMG_5732-300x220.jpg 300w, https:\/\/activehistory.ca\/exhibits\/wp-content\/uploads\/sites\/2\/2024\/04\/IMG_5732-1024x753.jpg 1024w, https:\/\/activehistory.ca\/exhibits\/wp-content\/uploads\/sites\/2\/2024\/04\/IMG_5732-1536x1129.jpg 1536w, https:\/\/activehistory.ca\/exhibits\/wp-content\/uploads\/sites\/2\/2024\/04\/IMG_5732-2048x1505.jpg 2048w\" sizes=\"(max-width: 768px) 100vw, 768px\" \/>\n\t\t\t<\/div>\n\t\t\t\t<figcaption class='wp-caption-text gallery-caption' id='gallery-1-34145'>\n\t\t\t\tMolly Lohner a obtenu son baccalaur\u00e9at en histoire de l&rsquo;Universit\u00e9 McGill. Elle s&rsquo;int\u00e9resse \u00e0 l&rsquo;histoire canadienne et \u00e0 l\u2019Antiquit\u00e9, \u00e9tant l&rsquo;objet de sa th\u00e8se de sp\u00e9cialisation. Elle retournera \u00e0 McGill le trimestre de l\u2019automne 2024 pour poursuivre un BCL\/JD \u00e0 la Facult\u00e9 de droit. En dehors de l&rsquo;\u00e9cole, Molly aime le th\u00e9\u00e2tre, la lecture, la cuisine, et le voyage. Elle est actuellement en cours d\u2019un voyage en Asie du Sud-Est et en Australie.\n\t\t\t\t<\/figcaption><\/figure><figure class='gallery-item'>\n\t\t\t<div class='gallery-icon landscape'>\n\t\t\t\t<img loading=\"lazy\" decoding=\"async\" width=\"768\" height=\"512\" src=\"https:\/\/activehistory.ca\/exhibits\/wp-content\/uploads\/sites\/2\/2024\/04\/IMG_5726-768x512.jpg\" class=\"attachment-medium_large size-medium_large\" alt=\"\" aria-describedby=\"gallery-1-34144\" srcset=\"https:\/\/activehistory.ca\/exhibits\/wp-content\/uploads\/sites\/2\/2024\/04\/IMG_5726-768x512.jpg 768w, https:\/\/activehistory.ca\/exhibits\/wp-content\/uploads\/sites\/2\/2024\/04\/IMG_5726-300x200.jpg 300w, https:\/\/activehistory.ca\/exhibits\/wp-content\/uploads\/sites\/2\/2024\/04\/IMG_5726-1024x683.jpg 1024w, https:\/\/activehistory.ca\/exhibits\/wp-content\/uploads\/sites\/2\/2024\/04\/IMG_5726-1536x1024.jpg 1536w, https:\/\/activehistory.ca\/exhibits\/wp-content\/uploads\/sites\/2\/2024\/04\/IMG_5726-2048x1365.jpg 2048w\" sizes=\"(max-width: 768px) 100vw, 768px\" \/>\n\t\t\t<\/div>\n\t\t\t\t<figcaption class='wp-caption-text gallery-caption' id='gallery-1-34144'>\n\t\t\t\tJeanne Hope a un baccalaur\u00e9at en histoire et litt\u00e9rature anglophone de l\u2019Universit\u00e9 McGill. Jeanne privil\u00e9gie les th\u00e8mes de l&#8217;empire, de la modernit\u00e9 et de la mondialisation dans ses \u00e9tudes, avec un int\u00e9r\u00eat particulier pour les \u00abzones de contact\u00bb du colonialisme britannique. Adoptant une approche postcoloniale et interdisciplinaire, elle pr\u00eate attention aux m\u00e9tar\u00e9cits et aux silences d&rsquo;archives.\n\t\t\t\t<\/figcaption><\/figure><figure class='gallery-item'>\n\t\t\t<div class='gallery-icon landscape'>\n\t\t\t\t<img loading=\"lazy\" decoding=\"async\" width=\"768\" height=\"511\" src=\"https:\/\/activehistory.ca\/exhibits\/wp-content\/uploads\/sites\/2\/2024\/04\/IMG_5724-1-768x511.jpg\" class=\"attachment-medium_large size-medium_large\" alt=\"\" aria-describedby=\"gallery-1-34143\" srcset=\"https:\/\/activehistory.ca\/exhibits\/wp-content\/uploads\/sites\/2\/2024\/04\/IMG_5724-1-768x511.jpg 768w, https:\/\/activehistory.ca\/exhibits\/wp-content\/uploads\/sites\/2\/2024\/04\/IMG_5724-1-300x199.jpg 300w, https:\/\/activehistory.ca\/exhibits\/wp-content\/uploads\/sites\/2\/2024\/04\/IMG_5724-1-1024x681.jpg 1024w, https:\/\/activehistory.ca\/exhibits\/wp-content\/uploads\/sites\/2\/2024\/04\/IMG_5724-1-1536x1021.jpg 1536w, https:\/\/activehistory.ca\/exhibits\/wp-content\/uploads\/sites\/2\/2024\/04\/IMG_5724-1-2048x1362.jpg 2048w\" sizes=\"(max-width: 768px) 100vw, 768px\" \/>\n\t\t\t<\/div>\n\t\t\t\t<figcaption class='wp-caption-text gallery-caption' id='gallery-1-34143'>\n\t\t\t\tHelen Symonds a obtenu son baccalaur\u00e9at en \u00e9ducation en sciences sociales secondaires de l&rsquo;Universit\u00e9 McGill. Originaire de Boston, elle en est venue \u00e0 appr\u00e9cier l&rsquo;histoire du Canada. Elle aime apporter cette passion en classe, aidant les \u00e9l\u00e8ves \u00e0 faire le lien entre les probl\u00e8mes contemporains et les \u00e9v\u00e9nements historiques. \n\t\t\t\t<\/figcaption><\/figure><figure class='gallery-item'>\n\t\t\t<div class='gallery-icon landscape'>\n\t\t\t\t<img loading=\"lazy\" decoding=\"async\" width=\"768\" height=\"512\" src=\"https:\/\/activehistory.ca\/exhibits\/wp-content\/uploads\/sites\/2\/2024\/04\/IMG_5729b-768x512.jpg\" class=\"attachment-medium_large size-medium_large\" alt=\"\" aria-describedby=\"gallery-1-34147\" srcset=\"https:\/\/activehistory.ca\/exhibits\/wp-content\/uploads\/sites\/2\/2024\/04\/IMG_5729b-768x512.jpg 768w, https:\/\/activehistory.ca\/exhibits\/wp-content\/uploads\/sites\/2\/2024\/04\/IMG_5729b-300x200.jpg 300w, https:\/\/activehistory.ca\/exhibits\/wp-content\/uploads\/sites\/2\/2024\/04\/IMG_5729b-1024x683.jpg 1024w, https:\/\/activehistory.ca\/exhibits\/wp-content\/uploads\/sites\/2\/2024\/04\/IMG_5729b-1536x1024.jpg 1536w, https:\/\/activehistory.ca\/exhibits\/wp-content\/uploads\/sites\/2\/2024\/04\/IMG_5729b-2048x1365.jpg 2048w\" sizes=\"(max-width: 768px) 100vw, 768px\" \/>\n\t\t\t<\/div>\n\t\t\t\t<figcaption class='wp-caption-text gallery-caption' id='gallery-1-34147'>\n\t\t\t\tSophie Gunyon est une \u00e9tudiante dipl\u00f4m\u00e9e de l&rsquo;Universit\u00e9 McGill qui poursuit une ma\u00eetrise en sciences politiques. Elle a r\u00e9cemment obtenu son baccalaur\u00e9at en sciences politiques \u00e0 McGill au printemps 2023. Sophie s&rsquo;int\u00e9resse vivement \u00e0 l&rsquo;histoire politique canadienne et aux relations internationales. En dehors de l&rsquo;\u00e9cole, elle aime lire et faire des mots crois\u00e9s.\n\t\t\t\t<\/figcaption><\/figure><figure class='gallery-item'>\n\t\t\t<div class='gallery-icon landscape'>\n\t\t\t\t<img loading=\"lazy\" decoding=\"async\" width=\"768\" height=\"487\" src=\"https:\/\/activehistory.ca\/exhibits\/wp-content\/uploads\/sites\/2\/2024\/04\/zoe3-Copy-768x487.jpg\" class=\"attachment-medium_large size-medium_large\" alt=\"\" aria-describedby=\"gallery-1-34341\" srcset=\"https:\/\/activehistory.ca\/exhibits\/wp-content\/uploads\/sites\/2\/2024\/04\/zoe3-Copy-768x487.jpg 768w, https:\/\/activehistory.ca\/exhibits\/wp-content\/uploads\/sites\/2\/2024\/04\/zoe3-Copy-300x190.jpg 300w, https:\/\/activehistory.ca\/exhibits\/wp-content\/uploads\/sites\/2\/2024\/04\/zoe3-Copy-1024x649.jpg 1024w, https:\/\/activehistory.ca\/exhibits\/wp-content\/uploads\/sites\/2\/2024\/04\/zoe3-Copy-1536x974.jpg 1536w, https:\/\/activehistory.ca\/exhibits\/wp-content\/uploads\/sites\/2\/2024\/04\/zoe3-Copy-2048x1299.jpg 2048w\" sizes=\"(max-width: 768px) 100vw, 768px\" \/>\n\t\t\t<\/div>\n\t\t\t\t<figcaption class='wp-caption-text gallery-caption' id='gallery-1-34341'>\n\t\t\t\tZo\u00e9 Larocque, dipl\u00f4m\u00e9e de l&rsquo;Universit\u00e9 McGill en Histoire et Litt\u00e9rature fran\u00e7aise, poursuit une ma\u00eetrise en Litt\u00e9rature fran\u00e7aise. Tr\u00e8s habile dans les t\u00e2ches d&rsquo;adaptation et de traduction en anglais et en fran\u00e7ais, son parcours acad\u00e9mique inclut un \u00e9change \u00e0 Glasgow et des publications litt\u00e9raires. Son travail chez Rethink et aux \u00c9ditions Cardinal illustre ses comp\u00e9tences en r\u00e9daction publicitaire et \u00e9ditoriale. En tant que guide au Mus\u00e9e de l&rsquo;Holocauste et engag\u00e9e pour l\u2019\u00e9galit\u00e9, elle favorise la sensibilisation sociale et la compr\u00e9hension historique.\n\t\t\t\t<\/figcaption><\/figure><figure class='gallery-item'>\n\t\t\t<div class='gallery-icon landscape'>\n\t\t\t\t<img loading=\"lazy\" decoding=\"async\" width=\"768\" height=\"537\" src=\"https:\/\/activehistory.ca\/exhibits\/wp-content\/uploads\/sites\/2\/2024\/04\/Dunsworth-photo-16-March-2023-scaled-e1713399284465-768x537.jpg\" class=\"attachment-medium_large size-medium_large\" alt=\"\" aria-describedby=\"gallery-1-34146\" srcset=\"https:\/\/activehistory.ca\/exhibits\/wp-content\/uploads\/sites\/2\/2024\/04\/Dunsworth-photo-16-March-2023-scaled-e1713399284465-768x537.jpg 768w, https:\/\/activehistory.ca\/exhibits\/wp-content\/uploads\/sites\/2\/2024\/04\/Dunsworth-photo-16-March-2023-scaled-e1713399284465-300x210.jpg 300w, https:\/\/activehistory.ca\/exhibits\/wp-content\/uploads\/sites\/2\/2024\/04\/Dunsworth-photo-16-March-2023-scaled-e1713399284465-1024x717.jpg 1024w, https:\/\/activehistory.ca\/exhibits\/wp-content\/uploads\/sites\/2\/2024\/04\/Dunsworth-photo-16-March-2023-scaled-e1713399284465-1536x1075.jpg 1536w, https:\/\/activehistory.ca\/exhibits\/wp-content\/uploads\/sites\/2\/2024\/04\/Dunsworth-photo-16-March-2023-scaled-e1713399284465.jpg 2048w\" sizes=\"(max-width: 768px) 100vw, 768px\" \/>\n\t\t\t<\/div>\n\t\t\t\t<figcaption class='wp-caption-text gallery-caption' id='gallery-1-34146'>\n\t\t\t\tEdward Dunsworth (conservateur de l&rsquo;exposition) est professeur adjoint au D\u00e9partement d\u2019histoire et d\u2019\u00e9tudes classiques de l\u2019Universit\u00e9 McGill. Historien du travail et de la migration, Dunsworth enqu\u00eate sur la main-d&rsquo;\u0153uvre agricole migrante au Canada depuis une quinzaine d&rsquo;ann\u00e9es. Dunsworth est l\u2019auteur de Harvesting Labour: Tobacco and the Global Making of Canada\u2019s Agricultural Workforce (McGill-Queen\u2019s University Press, 2022). Il a \u00e9galement collabor\u00e9 avec Gabriel Allahdua, militant canadien originaire de Sainte-Lucie et ancien travailleur migrant, pour la publication de ses m\u00e9moires, Harvesting Freedom: The Life of a Migrant Worker in Canada (Between the Lines, 2023).\n\t\t\t\t<\/figcaption><\/figure>\n\t\t<\/div>\n\t\t<\/div>\n\t\t\t\t\t\t<\/div>\n\t\t\t\t<\/div>\n\t\t\t\t\t<\/div>\n\t\t<\/div>\n\t\t\t\t\t<\/div>\n\t\t<\/section>\n\t\t\t\t<\/div>\n\t\t","protected":false},"excerpt":{"rendered":"<p>\u00c9quipe Louise Swaffer (chef de projet) est candidate au doctorat au D\u00e9partement d&#8217;histoire et d&#8217;\u00e9tudes classiques de l&#8217;Universit\u00e9 McGill. Ses recherches sont motiv\u00e9es par son int\u00e9r\u00eat pour les migrations et les communaut\u00e9s, le colonialisme de peuplement et la formation de l&#8217;\u00c9tat dans l&#8217;Empire britannique, et sont sp\u00e9cialis\u00e9es dans la migration \u00e9cossaise. Originaire du Royaume-Uni et [&hellip;]<\/p>\n","protected":false},"author":54,"featured_media":0,"parent":34204,"menu_order":0,"comment_status":"closed","ping_status":"closed","template":"","meta":{"site-sidebar-layout":"no-sidebar","site-content-layout":"","ast-site-content-layout":"full-width-container","site-content-style":"default","site-sidebar-style":"default","ast-global-header-display":"","ast-banner-title-visibility":"","ast-main-header-display":"","ast-hfb-above-header-display":"","ast-hfb-below-header-display":"","ast-hfb-mobile-header-display":"","site-post-title":"disabled","ast-breadcrumbs-content":"","ast-featured-img":"disabled","footer-sml-layout":"","ast-disable-related-posts":"","theme-transparent-header-meta":"default","adv-header-id-meta":"","stick-header-meta":"","header-above-stick-meta":"","header-main-stick-meta":"","header-below-stick-meta":"","astra-migrate-meta-layouts":"set","ast-page-background-enabled":"default","ast-page-background-meta":{"desktop":{"background-color":"var(--ast-global-color-4)","background-image":"","background-repeat":"repeat","background-position":"center center","background-size":"auto","background-attachment":"scroll","background-type":"","background-media":"","overlay-type":"","overlay-color":"","overlay-opacity":"","overlay-gradient":""},"tablet":{"background-color":"","background-image":"","background-repeat":"repeat","background-position":"center center","background-size":"auto","background-attachment":"scroll","background-type":"","background-media":"","overlay-type":"","overlay-color":"","overlay-opacity":"","overlay-gradient":""},"mobile":{"background-color":"","background-image":"","background-repeat":"repeat","background-position":"center center","background-size":"auto","background-attachment":"scroll","background-type":"","background-media":"","overlay-type":"","overlay-color":"","overlay-opacity":"","overlay-gradient":""}},"ast-content-background-meta":{"desktop":{"background-color":"var(--ast-global-color-5)","background-image":"","background-repeat":"repeat","background-position":"center center","background-size":"auto","background-attachment":"scroll","background-type":"","background-media":"","overlay-type":"","overlay-color":"","overlay-opacity":"","overlay-gradient":""},"tablet":{"background-color":"var(--ast-global-color-5)","background-image":"","background-repeat":"repeat","background-position":"center center","background-size":"auto","background-attachment":"scroll","background-type":"","background-media":"","overlay-type":"","overlay-color":"","overlay-opacity":"","overlay-gradient":""},"mobile":{"background-color":"var(--ast-global-color-5)","background-image":"","background-repeat":"repeat","background-position":"center center","background-size":"auto","background-attachment":"scroll","background-type":"","background-media":"","overlay-type":"","overlay-color":"","overlay-opacity":"","overlay-gradient":""}},"footnotes":""},"class_list":["post-34223","page","type-page","status-publish","hentry"],"jetpack_sharing_enabled":true,"_links":{"self":[{"href":"https:\/\/activehistory.ca\/exhibits\/wp-json\/wp\/v2\/pages\/34223","targetHints":{"allow":["GET"]}}],"collection":[{"href":"https:\/\/activehistory.ca\/exhibits\/wp-json\/wp\/v2\/pages"}],"about":[{"href":"https:\/\/activehistory.ca\/exhibits\/wp-json\/wp\/v2\/types\/page"}],"author":[{"embeddable":true,"href":"https:\/\/activehistory.ca\/exhibits\/wp-json\/wp\/v2\/users\/54"}],"replies":[{"embeddable":true,"href":"https:\/\/activehistory.ca\/exhibits\/wp-json\/wp\/v2\/comments?post=34223"}],"version-history":[{"count":19,"href":"https:\/\/activehistory.ca\/exhibits\/wp-json\/wp\/v2\/pages\/34223\/revisions"}],"predecessor-version":[{"id":34344,"href":"https:\/\/activehistory.ca\/exhibits\/wp-json\/wp\/v2\/pages\/34223\/revisions\/34344"}],"up":[{"embeddable":true,"href":"https:\/\/activehistory.ca\/exhibits\/wp-json\/wp\/v2\/pages\/34204"}],"wp:attachment":[{"href":"https:\/\/activehistory.ca\/exhibits\/wp-json\/wp\/v2\/media?parent=34223"}],"curies":[{"name":"wp","href":"https:\/\/api.w.org\/{rel}","templated":true}]}}