{"id":34260,"date":"2024-04-22T13:07:15","date_gmt":"2024-04-22T17:07:15","guid":{"rendered":"https:\/\/activehistory.ca\/exhibits\/?page_id=34260"},"modified":"2024-04-29T21:50:08","modified_gmt":"2024-04-30T01:50:08","slug":"ressources-2","status":"publish","type":"page","link":"https:\/\/activehistory.ca\/exhibits\/fr\/le-cout-humain-de-lalimentation\/ressources-2\/","title":{"rendered":"Ressources"},"content":{"rendered":"\t\t<div data-elementor-type=\"wp-page\" data-elementor-id=\"34260\" class=\"elementor elementor-34260\">\n\t\t\t\t\t\t<section class=\"elementor-section elementor-top-section elementor-element elementor-element-09e8b90 elementor-section-boxed elementor-section-height-default elementor-section-height-default\" data-id=\"09e8b90\" data-element_type=\"section\" data-e-type=\"section\">\n\t\t\t\t\t\t<div class=\"elementor-container elementor-column-gap-default\">\n\t\t\t\t\t<div class=\"elementor-column elementor-col-100 elementor-top-column elementor-element elementor-element-de9f797\" data-id=\"de9f797\" data-element_type=\"column\" data-e-type=\"column\">\n\t\t\t<div class=\"elementor-widget-wrap elementor-element-populated\">\n\t\t\t\t\t\t<div class=\"elementor-element elementor-element-ef5fb25 elementor-widget elementor-widget-heading\" data-id=\"ef5fb25\" data-element_type=\"widget\" data-e-type=\"widget\" data-widget_type=\"heading.default\">\n\t\t\t\t<div class=\"elementor-widget-container\">\n\t\t\t\t\t<h1 class=\"elementor-heading-title elementor-size-default\">Ressources<\/h1>\t\t\t\t<\/div>\n\t\t\t\t<\/div>\n\t\t\t\t\t<\/div>\n\t\t<\/div>\n\t\t\t\t\t<\/div>\n\t\t<\/section>\n\t\t\t\t<section class=\"elementor-section elementor-top-section elementor-element elementor-element-651510d elementor-section-boxed elementor-section-height-default elementor-section-height-default\" data-id=\"651510d\" data-element_type=\"section\" data-e-type=\"section\">\n\t\t\t\t\t\t<div class=\"elementor-container elementor-column-gap-default\">\n\t\t\t\t\t<div class=\"elementor-column elementor-col-100 elementor-top-column elementor-element elementor-element-1ea00c9\" data-id=\"1ea00c9\" data-element_type=\"column\" data-e-type=\"column\">\n\t\t\t<div class=\"elementor-widget-wrap elementor-element-populated\">\n\t\t\t\t\t\t<div class=\"elementor-element elementor-element-4170d6a elementor-widget elementor-widget-text-editor\" data-id=\"4170d6a\" data-element_type=\"widget\" data-e-type=\"widget\" data-widget_type=\"text-editor.default\">\n\t\t\t\t<div class=\"elementor-widget-container\">\n\t\t\t\t\t\t\t\t\t<ul><li><h3><a href=\"https:\/\/mcgillgis.maps.arcgis.com\/apps\/instant\/basic\/index.html?appid=db7e80b74af241c18ac7e9f0a29ac69a\" target=\"_blank\" rel=\"noopener\">Carte de donn\u00e9es<\/a><\/h3><\/li><li><h3><a href=\"https:\/\/activehistory.ca\/exhibits\/wp-content\/uploads\/sites\/2\/2024\/04\/Data-CHN-HCF.xlsx\" target=\"_blank\" rel=\"noopener\">Base de donn\u00e9es<\/a><\/h3><\/li><li><h3><a href=\"https:\/\/activehistory.ca\/exhibits\/wp-content\/uploads\/sites\/2\/2024\/04\/HCOF-Educators-Toolkit.pdf\" target=\"_blank\" rel=\"noopener\">Bo\u00eete \u00e0 outils de l&#8217;\u00e9ducateur (en anglais)<\/a><\/h3><\/li><li><h3><a href=\"https:\/\/activehistory.ca\/exhibits\/wp-content\/uploads\/sites\/2\/2024\/04\/Sources-and-Further-Reading.pdf\" target=\"_blank\" rel=\"noopener\">Sources et lectures compl\u00e9mentaires<\/a><\/h3><\/li><\/ul>\t\t\t\t\t\t\t\t<\/div>\n\t\t\t\t<\/div>\n\t\t\t\t\t<\/div>\n\t\t<\/div>\n\t\t\t\t\t<\/div>\n\t\t<\/section>\n\t\t\t\t<\/div>\n\t\t","protected":false},"excerpt":{"rendered":"<p>Ressources Carte de donn\u00e9es Base de donn\u00e9es Bo\u00eete \u00e0 outils de l&#8217;\u00e9ducateur (en anglais) Sources et lectures compl\u00e9mentaires<\/p>\n","protected":false},"author":54,"featured_media":0,"parent":34204,"menu_order":0,"comment_status":"closed","ping_status":"closed","template":"","meta":{"site-sidebar-layout":"no-sidebar","site-content-layout":"","ast-site-content-layout":"full-width-container","site-content-style":"default","site-sidebar-style":"default","ast-global-header-display":"","ast-banner-title-visibility":"","ast-main-header-display":"","ast-hfb-above-header-display":"","ast-hfb-below-header-display":"","ast-hfb-mobile-header-display":"","site-post-title":"disabled","ast-breadcrumbs-content":"","ast-featured-img":"disabled","footer-sml-layout":"","ast-disable-related-posts":"","theme-transparent-header-meta":"default","adv-header-id-meta":"","stick-header-meta":"","header-above-stick-meta":"","header-main-stick-meta":"","header-below-stick-meta":"","astra-migrate-meta-layouts":"set","ast-page-background-enabled":"default","ast-page-background-meta":{"desktop":{"background-color":"var(--ast-global-color-4)","background-image":"","background-repeat":"repeat","background-position":"center center","background-size":"auto","background-attachment":"scroll","background-type":"","background-media":"","overlay-type":"","overlay-color":"","overlay-opacity":"","overlay-gradient":""},"tablet":{"background-color":"","background-image":"","background-repeat":"repeat","background-position":"center center","background-size":"auto","background-attachment":"scroll","background-type":"","background-media":"","overlay-type":"","overlay-color":"","overlay-opacity":"","overlay-gradient":""},"mobile":{"background-color":"","background-image":"","background-repeat":"repeat","background-position":"center center","background-size":"auto","background-attachment":"scroll","background-type":"","background-media":"","overlay-type":"","overlay-color":"","overlay-opacity":"","overlay-gradient":""}},"ast-content-background-meta":{"desktop":{"background-color":"var(--ast-global-color-5)","background-image":"","background-repeat":"repeat","background-position":"center center","background-size":"auto","background-attachment":"scroll","background-type":"","background-media":"","overlay-type":"","overlay-color":"","overlay-opacity":"","overlay-gradient":""},"tablet":{"background-color":"var(--ast-global-color-5)","background-image":"","background-repeat":"repeat","background-position":"center center","background-size":"auto","background-attachment":"scroll","background-type":"","background-media":"","overlay-type":"","overlay-color":"","overlay-opacity":"","overlay-gradient":""},"mobile":{"background-color":"var(--ast-global-color-5)","background-image":"","background-repeat":"repeat","background-position":"center center","background-size":"auto","background-attachment":"scroll","background-type":"","background-media":"","overlay-type":"","overlay-color":"","overlay-opacity":"","overlay-gradient":""}},"footnotes":""},"class_list":["post-34260","page","type-page","status-publish","hentry"],"jetpack_sharing_enabled":true,"_links":{"self":[{"href":"https:\/\/activehistory.ca\/exhibits\/wp-json\/wp\/v2\/pages\/34260","targetHints":{"allow":["GET"]}}],"collection":[{"href":"https:\/\/activehistory.ca\/exhibits\/wp-json\/wp\/v2\/pages"}],"about":[{"href":"https:\/\/activehistory.ca\/exhibits\/wp-json\/wp\/v2\/types\/page"}],"author":[{"embeddable":true,"href":"https:\/\/activehistory.ca\/exhibits\/wp-json\/wp\/v2\/users\/54"}],"replies":[{"embeddable":true,"href":"https:\/\/activehistory.ca\/exhibits\/wp-json\/wp\/v2\/comments?post=34260"}],"version-history":[{"count":10,"href":"https:\/\/activehistory.ca\/exhibits\/wp-json\/wp\/v2\/pages\/34260\/revisions"}],"predecessor-version":[{"id":34359,"href":"https:\/\/activehistory.ca\/exhibits\/wp-json\/wp\/v2\/pages\/34260\/revisions\/34359"}],"up":[{"embeddable":true,"href":"https:\/\/activehistory.ca\/exhibits\/wp-json\/wp\/v2\/pages\/34204"}],"wp:attachment":[{"href":"https:\/\/activehistory.ca\/exhibits\/wp-json\/wp\/v2\/media?parent=34260"}],"curies":[{"name":"wp","href":"https:\/\/api.w.org\/{rel}","templated":true}]}}